{"id":15912,"date":"2025-06-24T17:22:35","date_gmt":"2025-06-24T20:22:35","guid":{"rendered":"https:\/\/healthcare.grupomidia.com\/excelenciadasaude\/?page_id=15912"},"modified":"2025-08-01T12:00:14","modified_gmt":"2025-08-01T15:00:14","slug":"seja-patrocinador","status":"publish","type":"page","link":"https:\/\/healthcare.grupomidia.com\/excelenciadasaude\/seja-patrocinador\/","title":{"rendered":"Seja Patrocinador &#8211; Pr\u00eamio Excel\u00eancia da Sa\u00fade"},"content":{"rendered":"\t\t<div data-elementor-type=\"wp-page\" data-elementor-id=\"15912\" class=\"elementor elementor-15912\" data-elementor-post-type=\"page\">\n\t\t\t\t\t\t<section class=\"elementor-section elementor-top-section elementor-element elementor-element-0ac9b89 elementor-section-boxed elementor-section-height-default elementor-section-height-default\" data-id=\"0ac9b89\" data-element_type=\"section\" data-settings=\"{&quot;background_background&quot;:&quot;classic&quot;}\">\n\t\t\t\t\t\t\t<div class=\"elementor-background-overlay\"><\/div>\n\t\t\t\t\t\t\t<div class=\"elementor-container elementor-column-gap-default\">\n\t\t\t\t\t<div class=\"elementor-column elementor-col-33 elementor-top-column elementor-element elementor-element-7ca4a6f\" data-id=\"7ca4a6f\" data-element_type=\"column\">\n\t\t\t<div class=\"elementor-widget-wrap\">\n\t\t\t\t\t\t\t<\/div>\n\t\t<\/div>\n\t\t\t\t<div class=\"elementor-column elementor-col-33 elementor-top-column elementor-element elementor-element-6add3b8\" data-id=\"6add3b8\" data-element_type=\"column\">\n\t\t\t<div class=\"elementor-widget-wrap elementor-element-populated\">\n\t\t\t\t\t\t<div class=\"elementor-element elementor-element-b2b1292 elementor-widget elementor-widget-text-editor\" data-id=\"b2b1292\" data-element_type=\"widget\" data-widget_type=\"text-editor.default\">\n\t\t\t\t<div class=\"elementor-widget-container\">\n\t\t\t\t\t\t\t\t\t<div id=\"patrocinioexcelenciasaude_2025-1fc8a0427eddfd767030\" role=\"main\">\u00a0<\/div><p><script type=\"text\/javascript\" src=\"https:\/\/d335luupugsy2.cloudfront.net\/js\/rdstation-forms\/stable\/rdstation-forms.min.js\"><\/script><script type=\"text\/javascript\"> new RDStationForms('patrocinioexcelenciasaude_2025-1fc8a0427eddfd767030', 'null').createForm();<\/script><\/p>\t\t\t\t\t\t\t\t<\/div>\n\t\t\t\t<\/div>\n\t\t\t\t\t<\/div>\n\t\t<\/div>\n\t\t\t\t<div class=\"elementor-column elementor-col-33 elementor-top-column elementor-element elementor-element-e65d532\" data-id=\"e65d532\" data-element_type=\"column\">\n\t\t\t<div class=\"elementor-widget-wrap\">\n\t\t\t\t\t\t\t<\/div>\n\t\t<\/div>\n\t\t\t\t\t<\/div>\n\t\t<\/section>\n\t\t\t\t<section class=\"elementor-section elementor-top-section elementor-element elementor-element-d60fc06 elementor-section-full_width elementor-section-height-default elementor-section-height-default\" data-id=\"d60fc06\" data-element_type=\"section\" data-settings=\"{&quot;background_background&quot;:&quot;classic&quot;}\">\n\t\t\t\t\t\t<div class=\"elementor-container elementor-column-gap-no\">\n\t\t\t\t\t<div class=\"elementor-column elementor-col-100 elementor-top-column elementor-element elementor-element-e71d877\" data-id=\"e71d877\" data-element_type=\"column\">\n\t\t\t<div class=\"elementor-widget-wrap elementor-element-populated\">\n\t\t\t\t\t\t<div class=\"elementor-element elementor-element-5b3fe1a elementor-widget elementor-widget-cryptlight_elementor_text_marquee_3\" data-id=\"5b3fe1a\" data-element_type=\"widget\" data-widget_type=\"cryptlight_elementor_text_marquee_3.default\">\n\t\t\t\t<div class=\"elementor-widget-container\">\n\t\t\t\t\t\n\t\t\t<div class=\"ova-text-marquee-3 duration-normal\">\n\n\t\t\t\t\n\t\t\t\t\t<div class=\"content content-wrapper\">\n\n\t\t\t\t\t  \t                            \t\t\t\t\t\t\t\t<span class=\"text text-color elementor-repeater-item-340c27c\">\n\t\t\t\t\t\t\t\t\tPr\u00eamio&nbsp;&nbsp; \t\n\t\t\t\t\t\t\t\t<\/span>\n\t\t\t\t\t\t\t\t\t\t\t\t\t                            \t\t\t\t\t\t\t\t<span class=\"text text-color elementor-repeater-item-606fee1\">\n\t\t\t\t\t\t\t\t\tExcel\u00eancia da Sa\u00fade&nbsp;&nbsp; \t\n\t\t\t\t\t\t\t\t<\/span>\n\t\t\t\t\t\t\t\t\t\t\t\t\t                            \t\t\t\t\t\t\t\t<span class=\"text text-color elementor-repeater-item-4820fa3\">\n\t\t\t\t\t\t\t\t\tRealiza\u00e7\u00e3o Grupo M\u00eddia&nbsp;&nbsp; \t\n\t\t\t\t\t\t\t\t<\/span>\n\t\t\t\t\t\t\t\t\t\t\t\t\t\t\t\t\t\t\t\t\t\t\t\t\t\t\n\n\t\t\t\t\t<\/div>\n\n\t\t\t\t\t<div class=\"spacing\"><\/div>\n\n\t\t\t\t\t<div class=\"content content-wrapper-2\">\n\n\t\t\t\t\t  \t\n\t\t\t\t\t\t\t\t\t\t\t\t\t\t\t<span class=\"text text-color elementor-repeater-item-340c27c\">\n\t\t\t\t\t\t\t\t\tPr\u00eamio&nbsp;&nbsp; \t\n\t\t\t\t\t\t\t\t<\/span>\n\t\t\t\t\t\t\t\n\t\t\t\t\t\t\n\t\t\t\t\t\t\t\t\t\t\t\t\t\t\t<span class=\"text text-color elementor-repeater-item-606fee1\">\n\t\t\t\t\t\t\t\t\tExcel\u00eancia da Sa\u00fade&nbsp;&nbsp; \t\n\t\t\t\t\t\t\t\t<\/span>\n\t\t\t\t\t\t\t\n\t\t\t\t\t\t\n\t\t\t\t\t\t\t\t\t\t\t\t\t\t\t<span class=\"text text-color elementor-repeater-item-4820fa3\">\n\t\t\t\t\t\t\t\t\tRealiza\u00e7\u00e3o Grupo M\u00eddia&nbsp;&nbsp; \t\n\t\t\t\t\t\t\t\t<\/span>\n\t\t\t\t\t\t\t\n\t\t\t\t\t\t\t\t\t\t\t\t\t\t\t\t\t\n\n\t\t\t\t\t<\/div>\n\n\t\t\t\t\n\t\t\t<\/div>\n\n\t\t\t\t\t\t<\/div>\n\t\t\t\t<\/div>\n\t\t\t\t\t<\/div>\n\t\t<\/div>\n\t\t\t\t\t<\/div>\n\t\t<\/section>\n\t\t\t\t<section class=\"elementor-section elementor-top-section elementor-element elementor-element-802dd95 elementor-section-boxed elementor-section-height-default elementor-section-height-default\" data-id=\"802dd95\" data-element_type=\"section\" id=\"testimonials\" data-settings=\"{&quot;background_background&quot;:&quot;classic&quot;}\">\n\t\t\t\t\t\t\t<div class=\"elementor-background-overlay\"><\/div>\n\t\t\t\t\t\t\t<div class=\"elementor-container elementor-column-gap-default\">\n\t\t\t\t\t<div class=\"elementor-column elementor-col-100 elementor-top-column elementor-element elementor-element-1ebe6e5\" data-id=\"1ebe6e5\" data-element_type=\"column\">\n\t\t\t<div class=\"elementor-widget-wrap elementor-element-populated\">\n\t\t\t\t\t\t<div class=\"elementor-element elementor-element-7f91f52 elementor-widget elementor-widget-cryptlight_elementor_heading_2\" data-id=\"7f91f52\" data-element_type=\"widget\" data-widget_type=\"cryptlight_elementor_heading_2.default\">\n\t\t\t\t<div class=\"elementor-widget-container\">\n\t\t\t\t\t\n\t\t<div class=\"ova-heading-2 template1 \">\n\n\t\t\t\t\t\t\t<div class=\"sub-title-wrapper\">\n\t\t\t\t\t\t\t\t\t\t<h4 class=\"sub-title\">FALE CONOSCO<\/h4>\n\t\t\t\t<\/div>\n\t\t\t\n\t\t\t\t\t\t\t\n\t\t\t\t\t<h2 class=\"title\">CONTATO<\/h2>\n\n\t\t\t\t\n\t\t\t\n\t\t\t\n\t\t\t\n\t\t\t\n\t\t<\/div>\n\n\t\t\t\t\t\t<\/div>\n\t\t\t\t<\/div>\n\t\t\t\t<div class=\"elementor-element elementor-element-ec6d952 elementor-widget elementor-widget-text-editor\" data-id=\"ec6d952\" data-element_type=\"widget\" data-widget_type=\"text-editor.default\">\n\t\t\t\t<div class=\"elementor-widget-container\">\n\t\t\t\t\t\t\t\t\t16 3913 \u2013 9800<br><br><br>\neventos@grupomidia.com<br><br>\nmarketing@grupomidia.com\t\t\t\t\t\t\t\t<\/div>\n\t\t\t\t<\/div>\n\t\t\t\t\t<\/div>\n\t\t<\/div>\n\t\t\t\t\t<\/div>\n\t\t<\/section>\n\t\t\t\t<\/div>\n\t\t","protected":false},"excerpt":{"rendered":"<p>\u00a0 Pr\u00eamio&nbsp;&nbsp; Excel\u00eancia da Sa\u00fade&nbsp;&nbsp; Realiza\u00e7\u00e3o Grupo M\u00eddia&nbsp;&nbsp; Pr\u00eamio&nbsp;&nbsp; Excel\u00eancia da Sa\u00fade&nbsp;&nbsp; Realiza\u00e7\u00e3o Grupo M\u00eddia&nbsp;&nbsp; FALE CONOSCO CONTATO 16 3913 \u2013 9800 eventos@grupomidia.com marketing@grupomidia.com<\/p>\n","protected":false},"author":1,"featured_media":0,"parent":0,"menu_order":0,"comment_status":"closed","ping_status":"closed","template":"elementor_header_footer","meta":{"_monsterinsights_skip_tracking":false,"_monsterinsights_sitenote_active":false,"_monsterinsights_sitenote_note":"","_monsterinsights_sitenote_category":0,"footnotes":""},"class_list":["post-15912","page","type-page","status-publish","hentry"],"aioseo_notices":[],"_links":{"self":[{"href":"https:\/\/healthcare.grupomidia.com\/excelenciadasaude\/wp-json\/wp\/v2\/pages\/15912","targetHints":{"allow":["GET"]}}],"collection":[{"href":"https:\/\/healthcare.grupomidia.com\/excelenciadasaude\/wp-json\/wp\/v2\/pages"}],"about":[{"href":"https:\/\/healthcare.grupomidia.com\/excelenciadasaude\/wp-json\/wp\/v2\/types\/page"}],"author":[{"embeddable":true,"href":"https:\/\/healthcare.grupomidia.com\/excelenciadasaude\/wp-json\/wp\/v2\/users\/1"}],"replies":[{"embeddable":true,"href":"https:\/\/healthcare.grupomidia.com\/excelenciadasaude\/wp-json\/wp\/v2\/comments?post=15912"}],"version-history":[{"count":31,"href":"https:\/\/healthcare.grupomidia.com\/excelenciadasaude\/wp-json\/wp\/v2\/pages\/15912\/revisions"}],"predecessor-version":[{"id":16246,"href":"https:\/\/healthcare.grupomidia.com\/excelenciadasaude\/wp-json\/wp\/v2\/pages\/15912\/revisions\/16246"}],"wp:attachment":[{"href":"https:\/\/healthcare.grupomidia.com\/excelenciadasaude\/wp-json\/wp\/v2\/media?parent=15912"}],"curies":[{"name":"wp","href":"https:\/\/api.w.org\/{rel}","templated":true}]}}