{"id":16433,"date":"2026-02-05T10:51:31","date_gmt":"2026-02-05T13:51:31","guid":{"rendered":"https:\/\/healthcare.grupomidia.com\/excelenciadasaude\/?page_id=16433"},"modified":"2026-05-04T14:03:03","modified_gmt":"2026-05-04T17:03:03","slug":"inscricao-de-cases-premio-excelencia-da-saude","status":"publish","type":"page","link":"https:\/\/healthcare.grupomidia.com\/excelenciadasaude\/inscricao-de-cases-premio-excelencia-da-saude\/","title":{"rendered":"Inscri\u00e7\u00e3o de Cases &#8211; Pr\u00eamio Excel\u00eancia da Sa\u00fade"},"content":{"rendered":"\t\t<div data-elementor-type=\"wp-page\" data-elementor-id=\"16433\" class=\"elementor elementor-16433\" data-elementor-post-type=\"page\">\n\t\t\t\t<div class=\"elementor-element elementor-element-e3e5e11 e-flex e-con-boxed e-con e-parent\" data-id=\"e3e5e11\" data-element_type=\"container\" data-settings=\"{&quot;background_background&quot;:&quot;classic&quot;}\">\n\t\t\t\t\t<div class=\"e-con-inner\">\n\t\t<div class=\"elementor-element elementor-element-b6f3c16 e-con-full e-flex e-con e-child\" data-id=\"b6f3c16\" data-element_type=\"container\">\n\t\t\t\t<\/div>\n\t\t<div class=\"elementor-element elementor-element-7f1ab8c e-con-full e-flex e-con e-child\" data-id=\"7f1ab8c\" data-element_type=\"container\">\n\t\t\t\t<div class=\"elementor-element elementor-element-85aec07 elementor-widget elementor-widget-heading\" data-id=\"85aec07\" data-element_type=\"widget\" data-widget_type=\"heading.default\">\n\t\t\t\t<div class=\"elementor-widget-container\">\n\t\t\t\t\t<h2 class=\"elementor-heading-title elementor-size-default\">Inscri\u00e7\u00e3o de cases encerrada.<\/h2>\t\t\t\t<\/div>\n\t\t\t\t<\/div>\n\t\t\t\t<\/div>\n\t\t<div class=\"elementor-element elementor-element-f6d0bba e-con-full e-flex e-con e-child\" data-id=\"f6d0bba\" data-element_type=\"container\">\n\t\t\t\t<\/div>\n\t\t\t\t\t<\/div>\n\t\t\t\t<\/div>\n\t\t\t\t<section class=\"elementor-section elementor-top-section elementor-element elementor-element-0ac9b89 elementor-hidden-desktop elementor-hidden-tablet elementor-hidden-mobile elementor-section-boxed elementor-section-height-default elementor-section-height-default\" data-id=\"0ac9b89\" data-element_type=\"section\" data-settings=\"{&quot;background_background&quot;:&quot;classic&quot;}\">\n\t\t\t\t\t\t\t<div class=\"elementor-background-overlay\"><\/div>\n\t\t\t\t\t\t\t<div class=\"elementor-container elementor-column-gap-no\">\n\t\t\t\t\t<div class=\"elementor-column elementor-col-100 elementor-top-column elementor-element elementor-element-7ca4a6f\" data-id=\"7ca4a6f\" data-element_type=\"column\">\n\t\t\t<div class=\"elementor-widget-wrap elementor-element-populated\">\n\t\t\t\t\t\t<div class=\"elementor-element elementor-element-5b637c6 elementor-view-default elementor-widget elementor-widget-icon\" data-id=\"5b637c6\" data-element_type=\"widget\" data-widget_type=\"icon.default\">\n\t\t\t\t<div class=\"elementor-widget-container\">\n\t\t\t\t\t\t\t<div class=\"elementor-icon-wrapper\">\n\t\t\t<div class=\"elementor-icon\">\n\t\t\t<svg aria-hidden=\"true\" class=\"e-font-icon-svg e-fas-arrow-down\" viewBox=\"0 0 448 512\" xmlns=\"http:\/\/www.w3.org\/2000\/svg\"><path d=\"M413.1 222.5l22.2 22.2c9.4 9.4 9.4 24.6 0 33.9L241 473c-9.4 9.4-24.6 9.4-33.9 0L12.7 278.6c-9.4-9.4-9.4-24.6 0-33.9l22.2-22.2c9.5-9.5 25-9.3 34.3.4L184 343.4V56c0-13.3 10.7-24 24-24h32c13.3 0 24 10.7 24 24v287.4l114.8-120.5c9.3-9.8 24.8-10 34.3-.4z\"><\/path><\/svg>\t\t\t<\/div>\n\t\t<\/div>\n\t\t\t\t\t\t<\/div>\n\t\t\t\t<\/div>\n\t\t\t\t<div class=\"elementor-element elementor-element-ce1ac7e elementor-widget elementor-widget-heading\" data-id=\"ce1ac7e\" data-element_type=\"widget\" data-widget_type=\"heading.default\">\n\t\t\t\t<div class=\"elementor-widget-container\">\n\t\t\t\t\t<h2 class=\"elementor-heading-title elementor-size-default\">Fa\u00e7a download do formul\u00e1rio aqui<\/h2>\t\t\t\t<\/div>\n\t\t\t\t<\/div>\n\t\t\t\t<div class=\"elementor-element elementor-element-142a549 elementor-button-warning elementor-align-center elementor-widget elementor-widget-button\" data-id=\"142a549\" data-element_type=\"widget\" data-widget_type=\"button.default\">\n\t\t\t\t<div class=\"elementor-widget-container\">\n\t\t\t\t\t\t\t\t\t<div class=\"elementor-button-wrapper\">\n\t\t\t\t\t<a class=\"elementor-button elementor-button-link elementor-size-sm\" href=\"https:\/\/healthcare.grupomidia.com\/excelenciadasaude\/inscricao-case-premio-excelencia-saude2026.docx\">\n\t\t\t\t\t\t<span class=\"elementor-button-content-wrapper\">\n\t\t\t\t\t\t\t\t\t<span class=\"elementor-button-text\">Download do Formul\u00e1rio de Inscri\u00e7\u00e3o de Case<\/span>\n\t\t\t\t\t<\/span>\n\t\t\t\t\t<\/a>\n\t\t\t\t<\/div>\n\t\t\t\t\t\t\t\t<\/div>\n\t\t\t\t<\/div>\n\t\t\t\t<div class=\"elementor-element elementor-element-8d2960d elementor-widget elementor-widget-text-editor\" data-id=\"8d2960d\" data-element_type=\"widget\" data-widget_type=\"text-editor.default\">\n\t\t\t\t<div class=\"elementor-widget-container\">\n\t\t\t\t\t\t\t\t\t<p>Os formul\u00e1rios que n\u00e3o estiverem integralmente preenchidos, que contenham informa\u00e7\u00f5es incorretas, incompletas ou em desacordo com as orienta\u00e7\u00f5es e o padr\u00e3o estabelecido no pr\u00f3prio formul\u00e1rio n\u00e3o ser\u00e3o considerados para fins de an\u00e1lise ou valida\u00e7\u00e3o.<\/p>\t\t\t\t\t\t\t\t<\/div>\n\t\t\t\t<\/div>\n\t\t\t\t\t<\/div>\n\t\t<\/div>\n\t\t\t\t\t<\/div>\n\t\t<\/section>\n\t\t<div class=\"elementor-element elementor-element-67481af e-con-full elementor-hidden-desktop elementor-hidden-tablet elementor-hidden-mobile e-flex e-con e-parent\" data-id=\"67481af\" data-element_type=\"container\" data-settings=\"{&quot;background_background&quot;:&quot;classic&quot;}\">\n\t\t<div class=\"elementor-element elementor-element-c98bbe0 e-con-full e-flex e-con e-child\" data-id=\"c98bbe0\" data-element_type=\"container\">\n\t\t\t\t<\/div>\n\t\t<div class=\"elementor-element elementor-element-71405db e-con-full e-flex e-con e-child\" data-id=\"71405db\" data-element_type=\"container\">\n\t\t\t\t<div class=\"elementor-element elementor-element-0947c0e elementor-widget__width-inherit elementor-widget elementor-widget-html\" data-id=\"0947c0e\" data-element_type=\"widget\" data-widget_type=\"html.default\">\n\t\t\t\t<div class=\"elementor-widget-container\">\n\t\t\t\t\t<div style=\"width: 400px; height: 500px; overflow: hidden;\">\n    <iframe src=\"https:\/\/healthcare.grupomidia.com\/excelenciadasaude\/inscricao-cases.php\" style=\"width: 100%; height: 100%; border: none;\"><\/iframe>\n<\/div>\t\t\t\t<\/div>\n\t\t\t\t<\/div>\n\t\t\t\t<\/div>\n\t\t<div class=\"elementor-element elementor-element-a8bcc42 e-con-full e-flex e-con e-child\" data-id=\"a8bcc42\" data-element_type=\"container\">\n\t\t\t\t<\/div>\n\t\t\t\t<\/div>\n\t\t\t\t<section class=\"elementor-section elementor-top-section elementor-element elementor-element-d60fc06 elementor-section-full_width elementor-section-height-default elementor-section-height-default\" data-id=\"d60fc06\" data-element_type=\"section\" data-settings=\"{&quot;background_background&quot;:&quot;classic&quot;}\">\n\t\t\t\t\t\t<div class=\"elementor-container elementor-column-gap-no\">\n\t\t\t\t\t<div class=\"elementor-column elementor-col-100 elementor-top-column elementor-element elementor-element-e71d877\" data-id=\"e71d877\" data-element_type=\"column\">\n\t\t\t<div class=\"elementor-widget-wrap elementor-element-populated\">\n\t\t\t\t\t\t<div class=\"elementor-element elementor-element-5b3fe1a elementor-widget elementor-widget-cryptlight_elementor_text_marquee_3\" data-id=\"5b3fe1a\" data-element_type=\"widget\" data-widget_type=\"cryptlight_elementor_text_marquee_3.default\">\n\t\t\t\t<div class=\"elementor-widget-container\">\n\t\t\t\t\t\n\t\t\t<div class=\"ova-text-marquee-3 duration-normal\">\n\n\t\t\t\t\n\t\t\t\t\t<div class=\"content content-wrapper\">\n\n\t\t\t\t\t  \t                            \t\t\t\t\t\t\t\t<span class=\"text text-color elementor-repeater-item-340c27c\">\n\t\t\t\t\t\t\t\t\tPr\u00eamio&nbsp;&nbsp; \t\n\t\t\t\t\t\t\t\t<\/span>\n\t\t\t\t\t\t\t\t\t\t\t\t\t                            \t\t\t\t\t\t\t\t<span class=\"text text-color elementor-repeater-item-606fee1\">\n\t\t\t\t\t\t\t\t\tExcel\u00eancia da Sa\u00fade&nbsp;&nbsp; \t\n\t\t\t\t\t\t\t\t<\/span>\n\t\t\t\t\t\t\t\t\t\t\t\t\t                            \t\t\t\t\t\t\t\t<span class=\"text text-color elementor-repeater-item-4820fa3\">\n\t\t\t\t\t\t\t\t\tRealiza\u00e7\u00e3o Grupo M\u00eddia&nbsp;&nbsp; \t\n\t\t\t\t\t\t\t\t<\/span>\n\t\t\t\t\t\t\t\t\t\t\t\t\t\t\t\t\t\t\t\t\t\t\t\t\t\t\n\n\t\t\t\t\t<\/div>\n\n\t\t\t\t\t<div class=\"spacing\"><\/div>\n\n\t\t\t\t\t<div class=\"content content-wrapper-2\">\n\n\t\t\t\t\t  \t\n\t\t\t\t\t\t\t\t\t\t\t\t\t\t\t<span class=\"text text-color elementor-repeater-item-340c27c\">\n\t\t\t\t\t\t\t\t\tPr\u00eamio&nbsp;&nbsp; \t\n\t\t\t\t\t\t\t\t<\/span>\n\t\t\t\t\t\t\t\n\t\t\t\t\t\t\n\t\t\t\t\t\t\t\t\t\t\t\t\t\t\t<span class=\"text text-color elementor-repeater-item-606fee1\">\n\t\t\t\t\t\t\t\t\tExcel\u00eancia da Sa\u00fade&nbsp;&nbsp; \t\n\t\t\t\t\t\t\t\t<\/span>\n\t\t\t\t\t\t\t\n\t\t\t\t\t\t\n\t\t\t\t\t\t\t\t\t\t\t\t\t\t\t<span class=\"text text-color elementor-repeater-item-4820fa3\">\n\t\t\t\t\t\t\t\t\tRealiza\u00e7\u00e3o Grupo M\u00eddia&nbsp;&nbsp; \t\n\t\t\t\t\t\t\t\t<\/span>\n\t\t\t\t\t\t\t\n\t\t\t\t\t\t\t\t\t\t\t\t\t\t\t\t\t\n\n\t\t\t\t\t<\/div>\n\n\t\t\t\t\n\t\t\t<\/div>\n\n\t\t\t\t\t\t<\/div>\n\t\t\t\t<\/div>\n\t\t\t\t\t<\/div>\n\t\t<\/div>\n\t\t\t\t\t<\/div>\n\t\t<\/section>\n\t\t\t\t<section class=\"elementor-section elementor-top-section elementor-element elementor-element-802dd95 elementor-section-boxed elementor-section-height-default elementor-section-height-default\" data-id=\"802dd95\" data-element_type=\"section\" id=\"testimonials\" data-settings=\"{&quot;background_background&quot;:&quot;classic&quot;}\">\n\t\t\t\t\t\t\t<div class=\"elementor-background-overlay\"><\/div>\n\t\t\t\t\t\t\t<div class=\"elementor-container elementor-column-gap-default\">\n\t\t\t\t\t<div class=\"elementor-column elementor-col-100 elementor-top-column elementor-element elementor-element-1ebe6e5\" data-id=\"1ebe6e5\" data-element_type=\"column\">\n\t\t\t<div class=\"elementor-widget-wrap elementor-element-populated\">\n\t\t\t\t\t\t<div class=\"elementor-element elementor-element-7f91f52 elementor-widget elementor-widget-cryptlight_elementor_heading_2\" data-id=\"7f91f52\" data-element_type=\"widget\" data-widget_type=\"cryptlight_elementor_heading_2.default\">\n\t\t\t\t<div class=\"elementor-widget-container\">\n\t\t\t\t\t\n\t\t<div class=\"ova-heading-2 template1 \">\n\n\t\t\t\t\t\t\t<div class=\"sub-title-wrapper\">\n\t\t\t\t\t\t\t\t\t\t<h4 class=\"sub-title\">FALE CONOSCO<\/h4>\n\t\t\t\t<\/div>\n\t\t\t\n\t\t\t\t\t\t\t\n\t\t\t\t\t<h2 class=\"title\">CONTATO<\/h2>\n\n\t\t\t\t\n\t\t\t\n\t\t\t\n\t\t\t\n\t\t\t\n\t\t<\/div>\n\n\t\t\t\t\t\t<\/div>\n\t\t\t\t<\/div>\n\t\t\t\t<div class=\"elementor-element elementor-element-ec6d952 elementor-widget elementor-widget-text-editor\" data-id=\"ec6d952\" data-element_type=\"widget\" data-widget_type=\"text-editor.default\">\n\t\t\t\t<div class=\"elementor-widget-container\">\n\t\t\t\t\t\t\t\t\t16 3913 \u2013 9800<br><br><br>\neventos@grupomidia.com<br><br>\nmarketing@grupomidia.com\t\t\t\t\t\t\t\t<\/div>\n\t\t\t\t<\/div>\n\t\t\t\t\t<\/div>\n\t\t<\/div>\n\t\t\t\t\t<\/div>\n\t\t<\/section>\n\t\t\t\t<\/div>\n\t\t","protected":false},"excerpt":{"rendered":"<p>Inscri\u00e7\u00e3o de cases encerrada. Fa\u00e7a download do formul\u00e1rio aqui Download do Formul\u00e1rio de Inscri\u00e7\u00e3o de Case Os formul\u00e1rios que n\u00e3o estiverem integralmente preenchidos, que contenham informa\u00e7\u00f5es incorretas, incompletas ou em desacordo com as orienta\u00e7\u00f5es e o padr\u00e3o estabelecido no pr\u00f3prio formul\u00e1rio n\u00e3o ser\u00e3o considerados para fins de an\u00e1lise ou valida\u00e7\u00e3o. Pr\u00eamio&nbsp;&nbsp; Excel\u00eancia da Sa\u00fade&nbsp;&nbsp; Realiza\u00e7\u00e3o [&hellip;]<\/p>\n","protected":false},"author":1,"featured_media":0,"parent":0,"menu_order":0,"comment_status":"closed","ping_status":"closed","template":"elementor_header_footer","meta":{"_monsterinsights_skip_tracking":false,"_monsterinsights_sitenote_active":false,"_monsterinsights_sitenote_note":"","_monsterinsights_sitenote_category":0,"footnotes":""},"class_list":["post-16433","page","type-page","status-publish","hentry"],"aioseo_notices":[],"_links":{"self":[{"href":"https:\/\/healthcare.grupomidia.com\/excelenciadasaude\/wp-json\/wp\/v2\/pages\/16433","targetHints":{"allow":["GET"]}}],"collection":[{"href":"https:\/\/healthcare.grupomidia.com\/excelenciadasaude\/wp-json\/wp\/v2\/pages"}],"about":[{"href":"https:\/\/healthcare.grupomidia.com\/excelenciadasaude\/wp-json\/wp\/v2\/types\/page"}],"author":[{"embeddable":true,"href":"https:\/\/healthcare.grupomidia.com\/excelenciadasaude\/wp-json\/wp\/v2\/users\/1"}],"replies":[{"embeddable":true,"href":"https:\/\/healthcare.grupomidia.com\/excelenciadasaude\/wp-json\/wp\/v2\/comments?post=16433"}],"version-history":[{"count":91,"href":"https:\/\/healthcare.grupomidia.com\/excelenciadasaude\/wp-json\/wp\/v2\/pages\/16433\/revisions"}],"predecessor-version":[{"id":16645,"href":"https:\/\/healthcare.grupomidia.com\/excelenciadasaude\/wp-json\/wp\/v2\/pages\/16433\/revisions\/16645"}],"wp:attachment":[{"href":"https:\/\/healthcare.grupomidia.com\/excelenciadasaude\/wp-json\/wp\/v2\/media?parent=16433"}],"curies":[{"name":"wp","href":"https:\/\/api.w.org\/{rel}","templated":true}]}}